{"id":73,"date":"2014-08-21T14:14:22","date_gmt":"2014-08-21T12:14:22","guid":{"rendered":"http:\/\/lenz.spruck-it.de\/wordpress\/?page_id=4"},"modified":"2014-11-21T13:09:21","modified_gmt":"2014-11-21T11:09:21","slug":"startseite","status":"publish","type":"page","link":"https:\/\/lenz-metallbau.de\/","title":{"rendered":"Startseite"},"content":{"rendered":"<p>[et_pb_section fullwidth=&#8220;on&#8220; specialty=&#8220;off&#8220; background_color=&#8220;#666666&#8243; inner_shadow=&#8220;off&#8220; parallax=&#8220;off&#8220; parallax_method=&#8220;css&#8220;][et_pb_fullwidth_header admin_label=&#8220;Fullwidth Header&#8220; title=&#8220;Herzlich Willkommen bei Lenz Metallbau&#8220; background_layout=&#8220;dark&#8220; text_orientation=&#8220;left&#8220; \/][\/et_pb_section][et_pb_section fullwidth=&#8220;off&#8220; specialty=&#8220;off&#8220;][et_pb_row][et_pb_column type=&#8220;4_4&#8243;][et_pb_image admin_label=&#8220;Image&#8220; src=&#8220;http:\/\/lenz-metallbau.de\/wp-content\/uploads\/2014\/09\/wel.jpg&#8220; show_in_lightbox=&#8220;off&#8220; url_new_window=&#8220;off&#8220; animation=&#8220;off&#8220; sticky=&#8220;off&#8220; \/][\/et_pb_column][\/et_pb_row][et_pb_row][et_pb_column type=&#8220;3_4&#8243;][et_pb_text admin_label=&#8220;Text&#8220; background_layout=&#8220;light&#8220; text_orientation=&#8220;left&#8220;]<\/p>\n<p>Hier k\u00f6nnen Sie sich \u00fcber unsere Dienstleistungen und Produkte informieren.<\/p>\n<p>Wir sind kreativ und realisieren f\u00fcr Sie alles nach Wunsch und Ma\u00df. Ein Team, das mit Freude an die Arbeit geht, um Sie als Kunden zufrieden zu stellen. Ihre W\u00fcnsche und Ideen, kombiniert mit unserer Erfahrung ergeben die ideale Kombination.<\/p>\n<p>F\u00fcr eine individuelle Beratung stehen wir Ihnen gerne pers\u00f6nlich zur Seite.<\/p>\n<p>[\/et_pb_text][\/et_pb_column][et_pb_column type=&#8220;1_4&#8243;][et_pb_image admin_label=&#8220;QR-Code&#8220; src=&#8220;http:\/\/lenz-metallbau.de\/wp-content\/uploads\/2014\/09\/QR-Code.png&#8220; show_in_lightbox=&#8220;off&#8220; url_new_window=&#8220;off&#8220; animation=&#8220;off&#8220; module_id=&#8220;qrcode&#8220; sticky=&#8220;off&#8220; \/][\/et_pb_column][\/et_pb_row][\/et_pb_section]<\/p>\n","protected":false},"excerpt":{"rendered":"<p><div class=\"et_pb_row et_pb_row_0 et_pb_row_empty\">\n\t\t\t\t\n\t\t\t\t\n\t\t\t\t\n\t\t\t\t\n\t\t\t\t\n\t\t\t<\/div><div class=\"et_pb_row et_pb_row_1 et_pb_row_empty\">\n\t\t\t\t\n\t\t\t\t\n\t\t\t\t\n\t\t\t\t\n\t\t\t\t\n\t\t\t<\/div> Hier k\u00f6nnen Sie sich \u00fcber unsere Dienstleistungen und Produkte informieren. Wir sind kreativ und realisieren f\u00fcr Sie alles nach Wunsch und Ma\u00df. Ein Team, das mit Freude an die Arbeit geht, um Sie als Kunden zufrieden zu stellen. Ihre W\u00fcnsche und Ideen, kombiniert mit unserer Erfahrung ergeben die ideale Kombination. F\u00fcr eine individuelle Beratung [&hellip;]<\/p>\n","protected":false},"author":1,"featured_media":0,"parent":0,"menu_order":0,"comment_status":"open","ping_status":"open","template":"","meta":{"_et_pb_use_builder":"on","_et_pb_old_content":"<p>Hier k\u00f6nnen Sie sich \u00fcber unsere Dienstleistungen und Produkte informieren.<\/p><p>Wir sind kreativ und realisieren f\u00fcr Sie alles nach Wunsch und Ma\u00df. Ein Team, das mit Freude an die Arbeit geht, um Sie als Kunden zufrieden zu stellen. Ihre W\u00fcnsche und Ideen, kombiniert mit unserer Erfahrung ergeben die ideale Kombination.<\/p><p>F\u00fcr eine individuelle Beratung stehen wir Ihnen gerne pers\u00f6nlich zur Seite.<\/p>","_et_gb_content_width":"","footnotes":""},"class_list":["post-73","page","type-page","status-publish","hentry"],"_links":{"self":[{"href":"https:\/\/lenz-metallbau.de\/index.php?rest_route=\/wp\/v2\/pages\/73","targetHints":{"allow":["GET"]}}],"collection":[{"href":"https:\/\/lenz-metallbau.de\/index.php?rest_route=\/wp\/v2\/pages"}],"about":[{"href":"https:\/\/lenz-metallbau.de\/index.php?rest_route=\/wp\/v2\/types\/page"}],"author":[{"embeddable":true,"href":"https:\/\/lenz-metallbau.de\/index.php?rest_route=\/wp\/v2\/users\/1"}],"replies":[{"embeddable":true,"href":"https:\/\/lenz-metallbau.de\/index.php?rest_route=%2Fwp%2Fv2%2Fcomments&post=73"}],"version-history":[{"count":2,"href":"https:\/\/lenz-metallbau.de\/index.php?rest_route=\/wp\/v2\/pages\/73\/revisions"}],"predecessor-version":[{"id":324,"href":"https:\/\/lenz-metallbau.de\/index.php?rest_route=\/wp\/v2\/pages\/73\/revisions\/324"}],"wp:attachment":[{"href":"https:\/\/lenz-metallbau.de\/index.php?rest_route=%2Fwp%2Fv2%2Fmedia&parent=73"}],"curies":[{"name":"wp","href":"https:\/\/api.w.org\/{rel}","templated":true}]}}