{"id":74,"date":"2014-08-21T14:16:16","date_gmt":"2014-08-21T12:16:16","guid":{"rendered":"http:\/\/lenz.spruck-it.de\/wordpress\/?page_id=6"},"modified":"2014-08-21T14:16:16","modified_gmt":"2014-08-21T12:16:16","slug":"leistungen","status":"publish","type":"page","link":"https:\/\/lenz-metallbau.de\/?page_id=74","title":{"rendered":"Leistungen"},"content":{"rendered":"<p>[et_pb_section fullwidth=&#8220;on&#8220; specialty=&#8220;off&#8220; background_color=&#8220;#666666&#8243; inner_shadow=&#8220;off&#8220; parallax=&#8220;off&#8220; parallax_method=&#8220;css&#8220;][et_pb_fullwidth_header admin_label=&#8220;Fullwidth Header&#8220; title=&#8220;Leistungen&#8220; background_layout=&#8220;dark&#8220; text_orientation=&#8220;left&#8220; \/][\/et_pb_section][et_pb_section][et_pb_row][et_pb_column type=&#8220;1_2&#8243;][et_pb_text admin_label=&#8220;Text&#8220; background_layout=&#8220;light&#8220; text_orientation=&#8220;left&#8220;]<\/p>\n<h3>Leistungsprogramm<\/h3>\n<ul>\n<li>Treppen, Treppen- und Balkongel\u00e4nder, Z\u00e4une<\/li>\n<li>Alu-, Holz- und Kunststoff-Fenster<\/li>\n<li>Wintergartenkonstruktionen mit W\u00e4rmeschutzglas<\/li>\n<li>Markisen, Jalousien und Rollladenelemente<\/li>\n<li>Haust\u00fcren, Feuerschutzt\u00fcren, Sicherheitst\u00fcren<\/li>\n<li>Automatik-T\u00fcranlagen<\/li>\n<li>Garagen-, Einfahrts-und Rolltore<\/li>\n<li>Elektroantriebe mit Funkfernsteuerungen<\/li>\n<li>Stahlzargen, Gitterroste<\/li>\n<li>Stahlkonstruktionen, Balkonerweiterungen<\/li>\n<li>Verarbeitung von rostfreiem Edelstahl<\/li>\n<li>Briefkastenanlagen, Schlie\u00dfanlagen<\/li>\n<li>Vord\u00e4cher, \u00dcberdachungen und Kaminabdeckungen<\/li>\n<li>Sicherheits-, Scheren und Rollgitter<\/li>\n<li>Einbruchschutz, Sicherheitstechnik<\/li>\n<li>Wartungs- und Reparaturarbeiten<\/li>\n<li>Schwei\u00dffachbetrieb, zugelassen nach DIN 18800<\/li>\n<\/ul>\n<p>[\/et_pb_text][\/et_pb_column][et_pb_column type=&#8220;1_2&#8243;][et_pb_text admin_label=&#8220;Text&#8220; background_layout=&#8220;light&#8220; text_orientation=&#8220;left&#8220;]<\/p>\n<h3>Spezielle Leistungen<\/h3>\n<ul>\n<li>Sicherheitstechnik<\/li>\n<li>Mechanische Sicherungen<\/li>\n<li>Geb\u00e4udeschutz<\/li>\n<li>Einbruchschutz<\/li>\n<li>Solaranlagen<\/li>\n<li>Barrierefreies Wohnen<\/li>\n<\/ul>\n<p>[\/et_pb_text][\/et_pb_column][\/et_pb_row][\/et_pb_section]<\/p>\n","protected":false},"excerpt":{"rendered":"<p><div class=\"et_pb_section et_pb_section_0 et_section_regular\" >\n\t\t\t\t\n\t\t\t\t\n\t\t\t\t\n\t\t\t\t\n\t\t\t\t\n\t\t\t\t\n\t\t\t\t\n\t\t\t\t\n\t\t\t\t\n\t\t\t<\/div><div class=\"et_pb_row et_pb_row_0 et_pb_row_empty\">\n\t\t\t\t\n\t\t\t\t\n\t\t\t\t\n\t\t\t\t\n\t\t\t\t\n\t\t\t<\/div> Leistungsprogramm Treppen, Treppen- und Balkongel\u00e4nder, Z\u00e4une Alu-, Holz- und Kunststoff-Fenster Wintergartenkonstruktionen mit W\u00e4rmeschutzglas Markisen, Jalousien und Rollladenelemente Haust\u00fcren, Feuerschutzt\u00fcren, Sicherheitst\u00fcren Automatik-T\u00fcranlagen Garagen-, Einfahrts-und Rolltore Elektroantriebe mit Funkfernsteuerungen Stahlzargen, Gitterroste Stahlkonstruktionen, Balkonerweiterungen Verarbeitung von rostfreiem Edelstahl Briefkastenanlagen, Schlie\u00dfanlagen Vord\u00e4cher, \u00dcberdachungen und Kaminabdeckungen Sicherheits-, Scheren und Rollgitter Einbruchschutz, Sicherheitstechnik Wartungs- und Reparaturarbeiten Schwei\u00dffachbetrieb, zugelassen nach DIN [&hellip;]<\/p>\n","protected":false},"author":1,"featured_media":0,"parent":0,"menu_order":0,"comment_status":"open","ping_status":"open","template":"","meta":{"_et_pb_use_builder":"on","_et_pb_old_content":"<ul><li>Treppen, Treppen- und Balkongel\u00e4nder, Z\u00e4une<\/li><li>Alu- und Kunststoff-Fenster<\/li><li>Wintergartenkonstruktionen mit W\u00e4rmeschutzglas<\/li><li>Haust\u00fcren, Feuerschutzt\u00fcren, Schutzt\u00fcren<\/li><li>Markisen, Jalousien, Rolladenelemente<\/li><li>Automatik-T\u00fcranlagen<\/li><li>Garagen-, Einfahrts- und Rolltore<\/li><li>Stahlkonstruktionen, Balkonerweiterungen<\/li><li>Elektroantriebe und Funksteuerungen<\/li><li>Verarbeitung von rostfreiem Edelstahl<\/li><li>Stahlzargen, Gitterroste<\/li><li>Briefkastenanlagen<\/li><li>Scheren- und Rollgitter<\/li><li>Zulieferung f\u00fcr Industrie<\/li><\/ul>","_et_gb_content_width":"","footnotes":""},"class_list":["post-74","page","type-page","status-publish","hentry"],"_links":{"self":[{"href":"https:\/\/lenz-metallbau.de\/index.php?rest_route=\/wp\/v2\/pages\/74","targetHints":{"allow":["GET"]}}],"collection":[{"href":"https:\/\/lenz-metallbau.de\/index.php?rest_route=\/wp\/v2\/pages"}],"about":[{"href":"https:\/\/lenz-metallbau.de\/index.php?rest_route=\/wp\/v2\/types\/page"}],"author":[{"embeddable":true,"href":"https:\/\/lenz-metallbau.de\/index.php?rest_route=\/wp\/v2\/users\/1"}],"replies":[{"embeddable":true,"href":"https:\/\/lenz-metallbau.de\/index.php?rest_route=%2Fwp%2Fv2%2Fcomments&post=74"}],"version-history":[{"count":0,"href":"https:\/\/lenz-metallbau.de\/index.php?rest_route=\/wp\/v2\/pages\/74\/revisions"}],"wp:attachment":[{"href":"https:\/\/lenz-metallbau.de\/index.php?rest_route=%2Fwp%2Fv2%2Fmedia&parent=74"}],"curies":[{"name":"wp","href":"https:\/\/api.w.org\/{rel}","templated":true}]}}